{"id":6300,"date":"2021-06-03T08:47:37","date_gmt":"2021-06-03T08:47:37","guid":{"rendered":"https:\/\/el3.thembaydev.com\/besa2\/?post_type=product&#038;p=6300"},"modified":"2025-01-01T07:53:21","modified_gmt":"2025-01-01T07:53:21","slug":"korean-checkerboard-shirt-smv12","status":"publish","type":"product","link":"https:\/\/8265.matbao.website\/?product=korean-checkerboard-shirt-smv12","title":{"rendered":"G\u1ea5u nh\u1ed3i b\u00f4ng kh\u1ee7ng long xanh"},"content":{"rendered":"\t\t<div data-elementor-type=\"wp-post\" data-elementor-id=\"6300\" class=\"elementor elementor-6300\">\n\t\t\t\t\t\t<section class=\"elementor-section elementor-top-section elementor-element elementor-element-bf313c4 elementor-section-boxed elementor-section-height-default elementor-section-height-default\" data-id=\"bf313c4\" data-element_type=\"section\">\n\t\t\t\t\t\t<div class=\"elementor-container elementor-column-gap-no\">\n\t\t\t\t\t<div class=\"elementor-column elementor-col-100 elementor-top-column elementor-element elementor-element-ba79645\" data-id=\"ba79645\" data-element_type=\"column\">\n\t\t\t<div class=\"elementor-widget-wrap elementor-element-populated\">\n\t\t\t\t\t\t<div class=\"elementor-element elementor-element-8f92051 elementor-widget elementor-widget-text-editor\" data-id=\"8f92051\" data-element_type=\"widget\" data-widget_type=\"text-editor.default\">\n\t\t\t\t<div class=\"elementor-widget-container\">\n\t\t\t\t\t\t\t<p>G\u1ea5u nh\u1ed3i b\u00f4ng kh\u1ee7ng long xanh l\u00e0 m\u1ed9t m\u00f3n \u0111\u1ed3 ch\u01a1i d\u1ec5 th\u01b0\u01a1ng v\u00e0 \u0111\u1ed9c \u0111\u00e1o, d\u00e0nh cho nh\u1eefng ai y\u00eau th\u00edch s\u1ef1 ng\u1ed9 ngh\u0129nh v\u00e0 k\u1ef3 l\u1ea1. V\u1edbi thi\u1ebft k\u1ebf h\u00ecnh d\u00e1ng kh\u1ee7ng long n\u1ed5i b\u1eadt, chi\u1ebfc g\u1ea5u nh\u1ed3i b\u00f4ng n\u00e0y mang l\u1ea1i c\u1ea3m gi\u00e1c d\u1ec5 th\u01b0\u01a1ng, vui nh\u1ed9n v\u00e0 l\u00e0 m\u00f3n qu\u00e0 tuy\u1ec7t v\u1eddi cho c\u1ea3 tr\u1ebb em l\u1eabn ng\u01b0\u1eddi l\u1edbn. Ch\u1ea5t li\u1ec7u cao c\u1ea5p, m\u00e0u s\u1eafc t\u01b0\u01a1i s\u00e1ng c\u00f9ng v\u1edbi s\u1ef1 ch\u00fa tr\u1ecdng \u0111\u1ebfn t\u1eebng chi ti\u1ebft trong thi\u1ebft k\u1ebf, khi\u1ebfn g\u1ea5u nh\u1ed3i b\u00f4ng kh\u1ee7ng long xanh tr\u1edf th\u00e0nh m\u1ed9t s\u1ea3n ph\u1ea9m kh\u00f4ng th\u1ec3 thi\u1ebfu trong b\u1ed9 s\u01b0u t\u1eadp \u0111\u1ed3 ch\u01a1i c\u1ee7a nhi\u1ec1u ng\u01b0\u1eddi.<\/p><h3>Thi\u1ebft k\u1ebf h\u00ecnh d\u00e1ng:<\/h3><p>G\u1ea5u nh\u1ed3i b\u00f4ng kh\u1ee7ng long xanh c\u00f3 h\u00ecnh d\u00e1ng gi\u1ed1ng m\u1ed9t ch\u00fa kh\u1ee7ng long d\u1ec5 th\u01b0\u01a1ng, v\u1edbi th\u00e2n h\u00ecnh m\u0169m m\u0129m v\u00e0 c\u00e1c chi ti\u1ebft sinh \u0111\u1ed9ng. Ph\u1ea7n \u0111\u1ea7u c\u1ee7a g\u1ea5u \u0111\u01b0\u1ee3c thi\u1ebft k\u1ebf v\u1edbi \u0111\u00f4i m\u1eaft to tr\u00f2n, l\u1ea5p l\u00e1nh nh\u01b0 \u0111ang m\u1ec9m c\u01b0\u1eddi, t\u1ea1o n\u00ean v\u1ebb m\u1eb7t ng\u00e2y th\u01a1 v\u00e0 hi\u1ec1n h\u00f2a. \u0110\u1eb7c bi\u1ec7t, c\u00e1c chi ti\u1ebft nh\u01b0 v\u1ea3y, v\u00e2y l\u01b0ng v\u00e0 \u0111u\u00f4i c\u1ee7a kh\u1ee7ng long \u0111\u01b0\u1ee3c l\u00e0m r\u1ea5t t\u1ec9 m\u1ec9, gi\u00fap chi\u1ebfc g\u1ea5u nh\u1ed3i b\u00f4ng n\u00e0y tr\u00f4ng gi\u1ed1ng nh\u01b0 m\u1ed9t ch\u00fa kh\u1ee7ng long thu nh\u1ecf nh\u01b0ng \u0111\u1ea7y s\u1ef1 d\u1ec5 th\u01b0\u01a1ng v\u00e0 \u0111\u00e1ng y\u00eau.<\/p><p>M\u00e0u xanh ch\u1ee7 \u0111\u1ea1o tr\u00ean to\u00e0n b\u1ed9 c\u01a1 th\u1ec3 g\u1ea5u nh\u1ed3i b\u00f4ng kh\u1ee7ng long mang l\u1ea1i c\u1ea3m gi\u00e1c t\u01b0\u01a1i m\u1edbi, nh\u1eb9 nh\u00e0ng v\u00e0 b\u1eaft m\u1eaft. M\u00e0u s\u1eafc n\u00e0y kh\u00f4ng ch\u1ec9 ph\u00f9 h\u1ee3p v\u1edbi s\u1edf th\u00edch c\u1ee7a tr\u1ebb em m\u00e0 c\u00f2n d\u1ec5 d\u00e0ng ph\u1ed1i h\u1ee3p v\u1edbi nhi\u1ec1u kh\u00f4ng gian trang tr\u00ed kh\u00e1c nhau, t\u1ea1o \u0111i\u1ec3m nh\u1ea5n cho ph\u00f2ng ng\u1ee7, ph\u00f2ng kh\u00e1ch hay kh\u00f4ng gian h\u1ecdc t\u1eadp c\u1ee7a c\u00e1c b\u00e9.<\/p>\t\t\t\t\t\t<\/div>\n\t\t\t\t<\/div>\n\t\t\t\t<section class=\"elementor-section elementor-inner-section elementor-element elementor-element-5a9d30e elementor-section-boxed elementor-section-height-default elementor-section-height-default\" data-id=\"5a9d30e\" data-element_type=\"section\">\n\t\t\t\t\t\t<div class=\"elementor-container elementor-column-gap-default\">\n\t\t\t\t\t<div class=\"elementor-column elementor-col-50 elementor-inner-column elementor-element elementor-element-e2ac7a3\" data-id=\"e2ac7a3\" data-element_type=\"column\">\n\t\t\t<div class=\"elementor-widget-wrap elementor-element-populated\">\n\t\t\t\t\t\t<div class=\"elementor-element elementor-element-e02572b elementor-widget elementor-widget-image\" data-id=\"e02572b\" data-element_type=\"widget\" data-widget_type=\"image.default\">\n\t\t\t\t<div class=\"elementor-widget-container\">\n\t\t\t\t\t\t\t\t\t\t\t\t\t<img fetchpriority=\"high\" decoding=\"async\" width=\"1000\" height=\"1000\" src=\"https:\/\/8265.matbao.website\/wp-content\/uploads\/2019\/10\/product-95-1.jpg\" class=\"attachment-full size-full wp-image-442\" alt=\"\" \/>\t\t\t\t\t\t\t\t\t\t\t\t\t<\/div>\n\t\t\t\t<\/div>\n\t\t\t\t\t<\/div>\n\t\t<\/div>\n\t\t\t\t<div class=\"elementor-column elementor-col-50 elementor-inner-column elementor-element elementor-element-3ee71e7\" data-id=\"3ee71e7\" data-element_type=\"column\">\n\t\t\t<div class=\"elementor-widget-wrap elementor-element-populated\">\n\t\t\t\t\t\t<div class=\"elementor-element elementor-element-c71a7a3 elementor-widget elementor-widget-image\" data-id=\"c71a7a3\" data-element_type=\"widget\" data-widget_type=\"image.default\">\n\t\t\t\t<div class=\"elementor-widget-container\">\n\t\t\t\t\t\t\t\t\t\t\t\t\t<img decoding=\"async\" width=\"1000\" height=\"1000\" src=\"https:\/\/8265.matbao.website\/wp-content\/uploads\/2019\/10\/product-96-1.jpg\" class=\"attachment-full size-full wp-image-443\" alt=\"\" \/>\t\t\t\t\t\t\t\t\t\t\t\t\t<\/div>\n\t\t\t\t<\/div>\n\t\t\t\t\t<\/div>\n\t\t<\/div>\n\t\t\t\t\t<\/div>\n\t\t<\/section>\n\t\t\t\t<div class=\"elementor-element elementor-element-19c6fc9 elementor-widget elementor-widget-text-editor\" data-id=\"19c6fc9\" data-element_type=\"widget\" data-widget_type=\"text-editor.default\">\n\t\t\t\t<div class=\"elementor-widget-container\">\n\t\t\t\t\t\t\t<h3>Ch\u1ea5t li\u1ec7u v\u00e0 \u0111\u1ed9 b\u1ec1n:<\/h3><p>Ch\u1ea5t li\u1ec7u c\u1ee7a g\u1ea5u nh\u1ed3i b\u00f4ng kh\u1ee7ng long xanh \u0111\u01b0\u1ee3c l\u00e0m t\u1eeb v\u1ea3i b\u00f4ng cao c\u1ea5p, m\u1ec1m m\u1ea1i v\u00e0 an to\u00e0n cho l\u00e0n da c\u1ee7a tr\u1ebb nh\u1ecf. V\u1edbi l\u1edbp b\u00f4ng nh\u1ed3i b\u00ean trong, chi\u1ebfc g\u1ea5u n\u00e0y c\u00f3 \u0111\u1ed9 \u0111\u00e0n h\u1ed3i t\u1ed1t, t\u1ea1o c\u1ea3m gi\u00e1c tho\u1ea3i m\u00e1i v\u00e0 d\u1ec5 ch\u1ecbu khi \u00f4m \u1ea5p ho\u1eb7c s\u1eed d\u1ee5ng nh\u01b0 m\u1ed9t m\u00f3n \u0111\u1ed3 trang tr\u00ed. V\u1ea3i b\u1ecdc ngo\u00e0i \u0111\u01b0\u1ee3c l\u00e0m t\u1eeb ch\u1ea5t li\u1ec7u nhung m\u1ecbn, d\u1ec5 d\u00e0ng gi\u1eb7t s\u1ea1ch m\u00e0 kh\u00f4ng lo b\u1ecb x\u00f9 l\u00f4ng hay phai m\u00e0u, \u0111\u1ea3m b\u1ea3o s\u1ea3n ph\u1ea9m lu\u00f4n gi\u1eef \u0111\u01b0\u1ee3c v\u1ebb ngo\u00e0i m\u1edbi m\u1ebb v\u00e0 m\u1ec1m m\u1ea1i.<\/p><p>\u0110\u1ed9 b\u1ec1n c\u1ee7a g\u1ea5u nh\u1ed3i b\u00f4ng kh\u1ee7ng long xanh c\u0169ng r\u1ea5t \u1ea5n t\u01b0\u1ee3ng, v\u1edbi c\u00e1c \u0111\u01b0\u1eddng may ch\u1eafc ch\u1eafn gi\u00fap s\u1ea3n ph\u1ea9m kh\u00f4ng b\u1ecb r\u00e1ch hay h\u01b0 h\u1ecfng sau th\u1eddi gian d\u00e0i s\u1eed d\u1ee5ng. C\u00e1c chi ti\u1ebft nh\u1ecf nh\u01b0 m\u1eaft v\u00e0 m\u0169i c\u1ee7a g\u1ea5u \u0111\u01b0\u1ee3c th\u00eau tinh x\u1ea3o, tr\u00e1nh t\u00ecnh tr\u1ea1ng r\u01a1i r\u1edbt ho\u1eb7c l\u00e0m h\u1ecfng s\u1ea3n ph\u1ea9m trong qu\u00e1 tr\u00ecnh ch\u01a1i \u0111\u00f9a.<\/p><h3>T\u00ednh \u1ee9ng d\u1ee5ng:<\/h3><p>G\u1ea5u nh\u1ed3i b\u00f4ng kh\u1ee7ng long xanh kh\u00f4ng ch\u1ec9 l\u00e0 m\u1ed9t m\u00f3n \u0111\u1ed3 ch\u01a1i m\u00e0 c\u00f2n c\u00f3 th\u1ec3 \u0111\u01b0\u1ee3c s\u1eed d\u1ee5ng nh\u01b0 m\u1ed9t m\u00f3n qu\u00e0 \u00fd ngh\u0129a cho c\u00e1c d\u1ecbp \u0111\u1eb7c bi\u1ec7t nh\u01b0 sinh nh\u1eadt, l\u1ec5 h\u1ed9i hay c\u00e1c s\u1ef1 ki\u1ec7n quan tr\u1ecdng. V\u1edbi thi\u1ebft k\u1ebf d\u1ec5 th\u01b0\u01a1ng v\u00e0 th\u00e2n thi\u1ec7n, n\u00f3 ch\u1eafc ch\u1eafn s\u1ebd l\u00e0m h\u00e0i l\u00f2ng c\u1ea3 tr\u1ebb em l\u1eabn ng\u01b0\u1eddi l\u1edbn. \u0110\u00e2y c\u0169ng l\u00e0 m\u1ed9t m\u00f3n qu\u00e0 l\u00fd t\u01b0\u1edfng d\u00e0nh cho nh\u1eefng ai y\u00eau th\u00edch \u0111\u1ed9ng v\u1eadt, \u0111\u1eb7c bi\u1ec7t l\u00e0 nh\u1eefng fan c\u1ee7a c\u00e1c sinh v\u1eadt c\u1ed5 \u0111\u1ea1i nh\u01b0 kh\u1ee7ng long.<\/p><p>Ngo\u00e0i vi\u1ec7c l\u00e0 m\u00f3n \u0111\u1ed3 ch\u01a1i, g\u1ea5u nh\u1ed3i b\u00f4ng kh\u1ee7ng long xanh c\u00f2n c\u00f3 th\u1ec3 d\u00f9ng \u0111\u1ec3 trang tr\u00ed kh\u00f4ng gian s\u1ed1ng, t\u1ea1o ra m\u1ed9t kh\u00f4ng gian \u1ea5m \u00e1p v\u00e0 d\u1ec5 ch\u1ecbu. \u0110\u1eb7c bi\u1ec7t, v\u1edbi k\u00edch th\u01b0\u1edbc v\u1eeba ph\u1ea3i, s\u1ea3n ph\u1ea9m c\u00f3 th\u1ec3 \u0111\u01b0\u1ee3c \u0111\u1eb7t tr\u00ean gi\u01b0\u1eddng, gh\u1ebf sofa hay b\u00e0n l\u00e0m vi\u1ec7c, l\u00e0m t\u0103ng th\u00eam s\u1ef1 sinh \u0111\u1ed9ng v\u00e0 vui t\u01b0\u01a1i cho kh\u00f4ng gian xung quanh.<\/p><h3>Gi\u00e1 tr\u1ecb c\u1ea3m x\u00fac:<\/h3><p>G\u1ea5u nh\u1ed3i b\u00f4ng kh\u1ee7ng long xanh kh\u00f4ng ch\u1ec9 \u0111\u01a1n thu\u1ea7n l\u00e0 m\u1ed9t m\u00f3n \u0111\u1ed3 v\u1eadt, m\u00e0 c\u00f2n l\u00e0 ng\u01b0\u1eddi b\u1ea1n \u0111\u1ed3ng h\u00e0nh \u0111\u00e1ng y\u00eau c\u1ee7a tr\u1ebb em, gi\u00fap c\u00e1c b\u00e9 c\u1ea3m th\u1ea5y an t\u00e2m v\u00e0 tho\u1ea3i m\u00e1i m\u1ed7i khi \u00f4m \u1ea5p. \u0110\u00e2y l\u00e0 m\u00f3n qu\u00e0 tuy\u1ec7t v\u1eddi \u0111\u1ec3 tr\u1ebb em ph\u00e1t tri\u1ec3n t\u00ecnh c\u1ea3m v\u00e0 tr\u00ed t\u01b0\u1edfng t\u01b0\u1ee3ng c\u1ee7a m\u00ecnh, \u0111\u1eb7c bi\u1ec7t khi b\u00e9 c\u00f3 th\u1ec3 g\u1eafn b\u00f3 v\u1edbi ch\u00fa kh\u1ee7ng long nh\u1ed3i b\u00f4ng n\u00e0y trong su\u1ed1t qu\u00e1 tr\u00ecnh l\u1edbn l\u00ean.<\/p><h3>T\u00f3m l\u1ea1i:<\/h3><p>G\u1ea5u nh\u1ed3i b\u00f4ng kh\u1ee7ng long xanh l\u00e0 m\u1ed9t s\u1ea3n ph\u1ea9m kh\u00f4ng th\u1ec3 thi\u1ebfu \u0111\u1ed1i v\u1edbi nh\u1eefng ai y\u00eau th\u00edch s\u1ef1 d\u1ec5 th\u01b0\u01a1ng v\u00e0 ng\u1ed9 ngh\u0129nh. V\u1edbi thi\u1ebft k\u1ebf \u0111\u1ed9c \u0111\u00e1o, ch\u1ea5t li\u1ec7u m\u1ec1m m\u1ea1i v\u00e0 \u0111\u1ed9 b\u1ec1n cao, \u0111\u00e2y l\u00e0 m\u1ed9t m\u00f3n \u0111\u1ed3 ch\u01a1i tuy\u1ec7t v\u1eddi cho tr\u1ebb em v\u00e0 c\u0169ng l\u00e0 m\u00f3n qu\u00e0 \u0111\u1ea7y \u00fd ngh\u0129a cho ng\u01b0\u1eddi th\u00e2n, b\u1ea1n b\u00e8. S\u1ef1 k\u1ebft h\u1ee3p gi\u1eefa t\u00ednh th\u1ea9m m\u1ef9 v\u00e0 t\u00ednh \u1ee9ng d\u1ee5ng cao khi\u1ebfn g\u1ea5u nh\u1ed3i b\u00f4ng kh\u1ee7ng long xanh tr\u1edf th\u00e0nh l\u1ef1a ch\u1ecdn l\u00fd t\u01b0\u1edfng \u0111\u1ec3 trang tr\u00ed, l\u00e0m qu\u00e0 t\u1eb7ng ho\u1eb7c \u0111\u01a1n gi\u1ea3n l\u00e0 ng\u01b0\u1eddi b\u1ea1n \u0111\u1ed3ng h\u00e0nh trong nh\u1eefng kho\u1ea3nh kh\u1eafc th\u01b0 gi\u00e3n c\u1ee7a b\u1ea1n.<\/p>\t\t\t\t\t\t<\/div>\n\t\t\t\t<\/div>\n\t\t\t\t\t<\/div>\n\t\t<\/div>\n\t\t\t\t\t<\/div>\n\t\t<\/section>\n\t\t\t\t<\/div>\n\t\t","protected":false},"excerpt":{"rendered":"<p>G\u1ea5u nh\u1ed3i b\u00f4ng kh\u1ee7ng long xanh l\u00e0 m\u1ed9t s\u1ea3n ph\u1ea9m kh\u00f4ng th\u1ec3 thi\u1ebfu \u0111\u1ed1i v\u1edbi nh\u1eefng ai y\u00eau th\u00edch s\u1ef1 d\u1ec5 th\u01b0\u01a1ng v\u00e0 ng\u1ed9 ngh\u0129nh.<\/p>\n","protected":false},"featured_media":442,"comment_status":"open","ping_status":"closed","template":"","meta":[],"product_cat":[38,66],"product_tag":[80,81,56],"class_list":{"0":"post-6300","1":"product","2":"type-product","3":"status-publish","4":"has-post-thumbnail","6":"product_cat-babies-toys","7":"product_cat-suc-khoe-sac-dep","8":"product_tag-men","9":"product_tag-menswear","10":"product_tag-thoi-trang","13":"instock","14":"shipping-taxable","15":"purchasable","16":"product-type-simple"},"_links":{"self":[{"href":"https:\/\/8265.matbao.website\/index.php?rest_route=\/wp\/v2\/product\/6300"}],"collection":[{"href":"https:\/\/8265.matbao.website\/index.php?rest_route=\/wp\/v2\/product"}],"about":[{"href":"https:\/\/8265.matbao.website\/index.php?rest_route=\/wp\/v2\/types\/product"}],"replies":[{"embeddable":true,"href":"https:\/\/8265.matbao.website\/index.php?rest_route=%2Fwp%2Fv2%2Fcomments&post=6300"}],"version-history":[{"count":5,"href":"https:\/\/8265.matbao.website\/index.php?rest_route=\/wp\/v2\/product\/6300\/revisions"}],"predecessor-version":[{"id":8605,"href":"https:\/\/8265.matbao.website\/index.php?rest_route=\/wp\/v2\/product\/6300\/revisions\/8605"}],"wp:featuredmedia":[{"embeddable":true,"href":"https:\/\/8265.matbao.website\/index.php?rest_route=\/wp\/v2\/media\/442"}],"wp:attachment":[{"href":"https:\/\/8265.matbao.website\/index.php?rest_route=%2Fwp%2Fv2%2Fmedia&parent=6300"}],"wp:term":[{"taxonomy":"product_cat","embeddable":true,"href":"https:\/\/8265.matbao.website\/index.php?rest_route=%2Fwp%2Fv2%2Fproduct_cat&post=6300"},{"taxonomy":"product_tag","embeddable":true,"href":"https:\/\/8265.matbao.website\/index.php?rest_route=%2Fwp%2Fv2%2Fproduct_tag&post=6300"}],"curies":[{"name":"wp","href":"https:\/\/api.w.org\/{rel}","templated":true}]}}