{"id":6298,"date":"2021-06-03T08:47:34","date_gmt":"2021-06-03T08:47:34","guid":{"rendered":"https:\/\/el3.thembaydev.com\/besa2\/?post_type=product&#038;p=6298"},"modified":"2025-01-01T07:54:50","modified_gmt":"2025-01-01T07:54:50","slug":"abyss-habidecor-super-pile-washcloth","status":"publish","type":"product","link":"https:\/\/8265.matbao.website\/?product=abyss-habidecor-super-pile-washcloth","title":{"rendered":"Kh\u0103n lau Abyss"},"content":{"rendered":"\t\t<div data-elementor-type=\"wp-post\" data-elementor-id=\"6298\" class=\"elementor elementor-6298\">\n\t\t\t\t\t\t<section class=\"elementor-section elementor-top-section elementor-element elementor-element-58f833a elementor-section-boxed elementor-section-height-default elementor-section-height-default\" data-id=\"58f833a\" data-element_type=\"section\">\n\t\t\t\t\t\t<div class=\"elementor-container elementor-column-gap-no\">\n\t\t\t\t\t<div class=\"elementor-column elementor-col-100 elementor-top-column elementor-element elementor-element-da02829\" data-id=\"da02829\" data-element_type=\"column\">\n\t\t\t<div class=\"elementor-widget-wrap elementor-element-populated\">\n\t\t\t\t\t\t<div class=\"elementor-element elementor-element-81e29c0 elementor-widget elementor-widget-text-editor\" data-id=\"81e29c0\" data-element_type=\"widget\" data-widget_type=\"text-editor.default\">\n\t\t\t\t<div class=\"elementor-widget-container\">\n\t\t\t\t\t\t\t<p>Kh\u0103n lau Abyss &amp; Habidecor Super Pile l\u00e0 m\u1ed9t s\u1ea3n ph\u1ea9m cao c\u1ea5p n\u1ed5i b\u1eadt trong d\u00f2ng kh\u0103n t\u1eafm, mang \u0111\u1ebfn c\u1ea3m gi\u00e1c m\u1ec1m m\u1ea1i v\u00e0 sang tr\u1ecdng cho ng\u01b0\u1eddi s\u1eed d\u1ee5ng. V\u1edbi ch\u1ea5t li\u1ec7u v\u1ea3i b\u00f4ng cao c\u1ea5p, thi\u1ebft k\u1ebf tinh t\u1ebf v\u00e0 \u0111\u1ed9 b\u1ec1n v\u01b0\u1ee3t tr\u1ed9i, kh\u0103n lau n\u00e0y kh\u00f4ng ch\u1ec9 l\u00e0 v\u1eadt d\u1ee5ng thi\u1ebft y\u1ebfu trong ph\u00f2ng t\u1eafm m\u00e0 c\u00f2n l\u00e0 m\u1ed9t m\u00f3n \u0111\u1ed3 n\u00e2ng t\u1ea7m kh\u00f4ng gian s\u1ed1ng c\u1ee7a b\u1ea1n.<\/p><h3>Ch\u1ea5t li\u1ec7u cao c\u1ea5p:<\/h3><p>Kh\u0103n lau Abyss &amp; Habidecor Super Pile \u0111\u01b0\u1ee3c l\u00e0m t\u1eeb 100% b\u00f4ng t\u1ef1 nhi\u00ean, mang l\u1ea1i c\u1ea3m gi\u00e1c m\u1ec1m m\u1ea1i v\u00e0 tho\u1ea3i m\u00e1i m\u1ed7i khi s\u1eed d\u1ee5ng. Ch\u1ea5t li\u1ec7u b\u00f4ng cao c\u1ea5p n\u00e0y kh\u00f4ng ch\u1ec9 gi\u00fap kh\u0103n th\u1ea5m h\u00fat t\u1ed1t m\u00e0 c\u00f2n v\u00f4 c\u00f9ng nh\u1eb9 nh\u00e0ng v\u00e0 d\u1ecbu m\u00e1t \u0111\u1ed1i v\u1edbi l\u00e0n da. V\u1edbi vi\u1ec7c s\u1eed d\u1ee5ng b\u00f4ng s\u1ee3i d\u00e0i v\u00e0 m\u1ecbn, kh\u0103n lau mang l\u1ea1i c\u1ea3m gi\u00e1c \u00eam \u00e1i, nh\u1eb9 nh\u00e0ng, l\u00e0m cho m\u1ed7i l\u1ea7n lau m\u00ecnh tr\u1edf th\u00e0nh m\u1ed9t tr\u1ea3i nghi\u1ec7m th\u01b0 gi\u00e3n v\u00e0 d\u1ec5 ch\u1ecbu.<\/p><p>M\u1ed9t trong nh\u1eefng \u0111i\u1ec3m n\u1ed5i b\u1eadt c\u1ee7a kh\u0103n lau Abyss &amp; Habidecor l\u00e0 kh\u1ea3 n\u0103ng th\u1ea5m h\u00fat v\u01b0\u1ee3t tr\u1ed9i. Kh\u0103n c\u00f3 th\u1ec3 nhanh ch\u00f3ng th\u1ea5m h\u00fat n\u01b0\u1edbc, gi\u00fap c\u01a1 th\u1ec3 b\u1ea1n kh\u00f4 r\u00e1o ch\u1ec9 trong v\u00e0i gi\u00e2y sau khi t\u1eafm ho\u1eb7c sau khi r\u1eeda m\u1eb7t. Kh\u1ea3 n\u0103ng th\u1ea5m h\u00fat c\u1ee7a kh\u0103n l\u00e0 m\u1ed9t trong nh\u1eefng y\u1ebfu t\u1ed1 quan tr\u1ecdng, \u0111\u1ea3m b\u1ea3o r\u1eb1ng b\u1ea1n s\u1ebd lu\u00f4n c\u1ea3m th\u1ea5y s\u1ea1ch s\u1ebd v\u00e0 tho\u1ea3i m\u00e1i sau m\u1ed7i l\u1ea7n s\u1eed d\u1ee5ng.<\/p>\t\t\t\t\t\t<\/div>\n\t\t\t\t<\/div>\n\t\t\t\t<section class=\"elementor-section elementor-inner-section elementor-element elementor-element-ad2945c elementor-section-boxed elementor-section-height-default elementor-section-height-default\" data-id=\"ad2945c\" data-element_type=\"section\">\n\t\t\t\t\t\t<div class=\"elementor-container elementor-column-gap-default\">\n\t\t\t\t\t<div class=\"elementor-column elementor-col-50 elementor-inner-column elementor-element elementor-element-5329a66\" data-id=\"5329a66\" data-element_type=\"column\">\n\t\t\t<div class=\"elementor-widget-wrap elementor-element-populated\">\n\t\t\t\t\t\t<div class=\"elementor-element elementor-element-eccfa82 elementor-widget elementor-widget-image\" data-id=\"eccfa82\" data-element_type=\"widget\" data-widget_type=\"image.default\">\n\t\t\t\t<div class=\"elementor-widget-container\">\n\t\t\t\t\t\t\t\t\t\t\t\t\t<img fetchpriority=\"high\" decoding=\"async\" width=\"1000\" height=\"1000\" src=\"https:\/\/8265.matbao.website\/wp-content\/uploads\/2021\/06\/product-new-01-1.jpg\" class=\"attachment-full size-full wp-image-6290\" alt=\"\" \/>\t\t\t\t\t\t\t\t\t\t\t\t\t<\/div>\n\t\t\t\t<\/div>\n\t\t\t\t\t<\/div>\n\t\t<\/div>\n\t\t\t\t<div class=\"elementor-column elementor-col-50 elementor-inner-column elementor-element elementor-element-9974b24\" data-id=\"9974b24\" data-element_type=\"column\">\n\t\t\t<div class=\"elementor-widget-wrap elementor-element-populated\">\n\t\t\t\t\t\t<div class=\"elementor-element elementor-element-df98855 elementor-widget elementor-widget-image\" data-id=\"df98855\" data-element_type=\"widget\" data-widget_type=\"image.default\">\n\t\t\t\t<div class=\"elementor-widget-container\">\n\t\t\t\t\t\t\t\t\t\t\t\t\t<img decoding=\"async\" width=\"1000\" height=\"1000\" src=\"https:\/\/8265.matbao.website\/wp-content\/uploads\/2021\/06\/product-new-02-1.jpg\" class=\"attachment-full size-full wp-image-6291\" alt=\"\" \/>\t\t\t\t\t\t\t\t\t\t\t\t\t<\/div>\n\t\t\t\t<\/div>\n\t\t\t\t\t<\/div>\n\t\t<\/div>\n\t\t\t\t\t<\/div>\n\t\t<\/section>\n\t\t\t\t\t<\/div>\n\t\t<\/div>\n\t\t\t\t\t<\/div>\n\t\t<\/section>\n\t\t\t\t<\/div>\n\t\t","protected":false},"excerpt":{"rendered":"<ul>\n<li>S\u1ee9c ch\u1ee9a: 45L<\/li>\n<li>Tr\u1ecdng l\u01b0\u1ee3ng: 1.328kg<\/li>\n<li>K\u00edch th\u01b0\u1edbc: 530x320x220mm<\/li>\n<\/ul>\n","protected":false},"featured_media":6290,"comment_status":"open","ping_status":"closed","template":"","meta":[],"product_cat":[38,96],"product_tag":[39,77,98,95],"class_list":{"0":"post-6298","1":"product","2":"type-product","3":"status-publish","4":"has-post-thumbnail","6":"product_cat-babies-toys","7":"product_cat-the-thao-du-lich","8":"product_tag-backpack","9":"product_tag-cuoc-song","10":"product_tag-du-lich","11":"product_tag-the-thao","14":"instock","15":"shipping-taxable","16":"purchasable","17":"product-type-simple"},"_links":{"self":[{"href":"https:\/\/8265.matbao.website\/index.php?rest_route=\/wp\/v2\/product\/6298"}],"collection":[{"href":"https:\/\/8265.matbao.website\/index.php?rest_route=\/wp\/v2\/product"}],"about":[{"href":"https:\/\/8265.matbao.website\/index.php?rest_route=\/wp\/v2\/types\/product"}],"replies":[{"embeddable":true,"href":"https:\/\/8265.matbao.website\/index.php?rest_route=%2Fwp%2Fv2%2Fcomments&post=6298"}],"version-history":[{"count":5,"href":"https:\/\/8265.matbao.website\/index.php?rest_route=\/wp\/v2\/product\/6298\/revisions"}],"predecessor-version":[{"id":8609,"href":"https:\/\/8265.matbao.website\/index.php?rest_route=\/wp\/v2\/product\/6298\/revisions\/8609"}],"wp:featuredmedia":[{"embeddable":true,"href":"https:\/\/8265.matbao.website\/index.php?rest_route=\/wp\/v2\/media\/6290"}],"wp:attachment":[{"href":"https:\/\/8265.matbao.website\/index.php?rest_route=%2Fwp%2Fv2%2Fmedia&parent=6298"}],"wp:term":[{"taxonomy":"product_cat","embeddable":true,"href":"https:\/\/8265.matbao.website\/index.php?rest_route=%2Fwp%2Fv2%2Fproduct_cat&post=6298"},{"taxonomy":"product_tag","embeddable":true,"href":"https:\/\/8265.matbao.website\/index.php?rest_route=%2Fwp%2Fv2%2Fproduct_tag&post=6298"}],"curies":[{"name":"wp","href":"https:\/\/api.w.org\/{rel}","templated":true}]}}