{"id":455,"date":"2019-10-09T02:01:15","date_gmt":"2019-10-08T19:01:15","guid":{"rendered":"https:\/\/el3.thembaydev.com\/besa2\/?post_type=product&#038;p=455"},"modified":"2025-01-01T08:11:21","modified_gmt":"2025-01-01T08:11:21","slug":"table-laptop-nhatvywood-nvlp05","status":"publish","type":"product","link":"https:\/\/8265.matbao.website\/?product=table-laptop-nhatvywood-nvlp05","title":{"rendered":"B\u00e0n laptop Nhatvywood NVLP05"},"content":{"rendered":"\t\t<div data-elementor-type=\"wp-post\" data-elementor-id=\"455\" class=\"elementor elementor-455\">\n\t\t\t\t\t\t<section class=\"elementor-section elementor-top-section elementor-element elementor-element-6cbba2b elementor-section-boxed elementor-section-height-default elementor-section-height-default\" data-id=\"6cbba2b\" data-element_type=\"section\">\n\t\t\t\t\t\t<div class=\"elementor-container elementor-column-gap-no\">\n\t\t\t\t\t<div class=\"elementor-column elementor-col-100 elementor-top-column elementor-element elementor-element-dbb4014\" data-id=\"dbb4014\" data-element_type=\"column\">\n\t\t\t<div class=\"elementor-widget-wrap elementor-element-populated\">\n\t\t\t\t\t\t<div class=\"elementor-element elementor-element-c0f718e elementor-widget elementor-widget-text-editor\" data-id=\"c0f718e\" data-element_type=\"widget\" data-widget_type=\"text-editor.default\">\n\t\t\t\t<div class=\"elementor-widget-container\">\n\t\t\t\t\t\t\t<p>B\u00e0n laptop Nhatvywood NVLP05 l\u00e0 m\u1ed9t s\u1ea3n ph\u1ea9m ti\u1ec7n d\u1ee5ng, hi\u1ec7n \u0111\u1ea1i, \u0111\u01b0\u1ee3c thi\u1ebft k\u1ebf \u0111\u1eb7c bi\u1ec7t \u0111\u1ec3 ph\u1ee5c v\u1ee5 nhu c\u1ea7u s\u1eed d\u1ee5ng laptop t\u1ea1i nh\u00e0, v\u0103n ph\u00f2ng, hay c\u00e1c kh\u00f4ng gian nh\u1ecf h\u1eb9p. V\u1edbi ch\u1ea5t li\u1ec7u g\u1ed7 cao c\u1ea5p v\u00e0 ki\u1ec3u d\u00e1ng \u0111\u01a1n gi\u1ea3n nh\u01b0ng tinh t\u1ebf, s\u1ea3n ph\u1ea9m n\u00e0y kh\u00f4ng ch\u1ec9 gi\u00fap ng\u01b0\u1eddi s\u1eed d\u1ee5ng tho\u1ea3i m\u00e1i l\u00e0m vi\u1ec7c m\u00e0 c\u00f2n t\u1ea1o \u0111i\u1ec3m nh\u1ea5n th\u1ea9m m\u1ef9 cho kh\u00f4ng gian s\u1ed1ng.<\/p><p>B\u00e0n laptop Nhatvywood NVLP05 \u0111\u01b0\u1ee3c l\u00e0m t\u1eeb ch\u1ea5t li\u1ec7u g\u1ed7 t\u1ef1 nhi\u00ean ch\u1ea5t l\u01b0\u1ee3ng cao, c\u00f3 \u0111\u1ed9 b\u1ec1n v\u01b0\u1ee3t tr\u1ed9i v\u00e0 kh\u1ea3 n\u0103ng ch\u1ed1ng ch\u1ecbu l\u1ef1c t\u1ed1t. B\u1ec1 m\u1eb7t b\u00e0n \u0111\u01b0\u1ee3c x\u1eed l\u00fd k\u1ef9 l\u01b0\u1ee1ng, nh\u1eb5n m\u1ecbn, gi\u00fap vi\u1ec7c \u0111\u1eb7t laptop tr\u1edf n\u00ean \u1ed5n \u0111\u1ecbnh v\u00e0 an to\u00e0n h\u01a1n. Ch\u1ea5t li\u1ec7u g\u1ed7 n\u00e0y c\u00f2n mang l\u1ea1i v\u1ebb \u0111\u1eb9p t\u1ef1 nhi\u00ean, g\u1ea7n g\u0169i, gi\u00fap kh\u00f4ng gian l\u00e0m vi\u1ec7c tr\u1edf n\u00ean sang tr\u1ecdng v\u00e0 \u1ea5m c\u00fang.<\/p>\t\t\t\t\t\t<\/div>\n\t\t\t\t<\/div>\n\t\t\t\t<section class=\"elementor-section elementor-inner-section elementor-element elementor-element-5e37cac elementor-section-boxed elementor-section-height-default elementor-section-height-default\" data-id=\"5e37cac\" data-element_type=\"section\">\n\t\t\t\t\t\t<div class=\"elementor-container elementor-column-gap-default\">\n\t\t\t\t\t<div class=\"elementor-column elementor-col-50 elementor-inner-column elementor-element elementor-element-d4c508e\" data-id=\"d4c508e\" data-element_type=\"column\">\n\t\t\t<div class=\"elementor-widget-wrap elementor-element-populated\">\n\t\t\t\t\t\t<div class=\"elementor-element elementor-element-9564203 elementor-widget elementor-widget-image\" data-id=\"9564203\" data-element_type=\"widget\" data-widget_type=\"image.default\">\n\t\t\t\t<div class=\"elementor-widget-container\">\n\t\t\t\t\t\t\t\t\t\t\t\t\t<img fetchpriority=\"high\" decoding=\"async\" width=\"1000\" height=\"1000\" src=\"https:\/\/8265.matbao.website\/wp-content\/uploads\/2019\/10\/product-61-1.jpg\" class=\"attachment-full size-full wp-image-457\" alt=\"\" \/>\t\t\t\t\t\t\t\t\t\t\t\t\t<\/div>\n\t\t\t\t<\/div>\n\t\t\t\t\t<\/div>\n\t\t<\/div>\n\t\t\t\t<div class=\"elementor-column elementor-col-50 elementor-inner-column elementor-element elementor-element-6bbb5e5\" data-id=\"6bbb5e5\" data-element_type=\"column\">\n\t\t\t<div class=\"elementor-widget-wrap elementor-element-populated\">\n\t\t\t\t\t\t<div class=\"elementor-element elementor-element-cabc5c6 elementor-widget elementor-widget-image\" data-id=\"cabc5c6\" data-element_type=\"widget\" data-widget_type=\"image.default\">\n\t\t\t\t<div class=\"elementor-widget-container\">\n\t\t\t\t\t\t\t\t\t\t\t\t\t<img decoding=\"async\" width=\"1000\" height=\"1000\" src=\"https:\/\/8265.matbao.website\/wp-content\/uploads\/2019\/10\/product-63-1.jpg\" class=\"attachment-full size-full wp-image-459\" alt=\"\" \/>\t\t\t\t\t\t\t\t\t\t\t\t\t<\/div>\n\t\t\t\t<\/div>\n\t\t\t\t\t<\/div>\n\t\t<\/div>\n\t\t\t\t\t<\/div>\n\t\t<\/section>\n\t\t\t\t\t<\/div>\n\t\t<\/div>\n\t\t\t\t\t<\/div>\n\t\t<\/section>\n\t\t\t\t<\/div>\n\t\t","protected":false},"excerpt":{"rendered":"<ul>\n<li>Thi\u1ebft k\u1ebf ch\u1eafc ch\u1eafn<\/li>\n<li>L\u00e0m b\u1eb1ng g\u1ed7 t\u1ef1 nhi\u00ean<\/li>\n<li>S\u1ea3n xu\u1ea5t t\u1ea1i Vi\u1ec7t Nam<\/li>\n<\/ul>\n","protected":false},"featured_media":457,"comment_status":"open","ping_status":"closed","template":"","meta":[],"product_cat":[52,53],"product_tag":[40,51,90,74],"class_list":{"0":"post-455","1":"product","2":"type-product","3":"status-publish","4":"has-post-thumbnail","6":"product_cat-phu-kien-dien-tu","7":"product_cat-thiet-bi-dien-tu","8":"product_tag-ban-chay","9":"product_tag-do-dien-tu","10":"product_tag-giam-gia-2","11":"product_tag-laptop","14":"instock","15":"shipping-taxable","16":"purchasable","17":"product-type-simple"},"_links":{"self":[{"href":"https:\/\/8265.matbao.website\/index.php?rest_route=\/wp\/v2\/product\/455"}],"collection":[{"href":"https:\/\/8265.matbao.website\/index.php?rest_route=\/wp\/v2\/product"}],"about":[{"href":"https:\/\/8265.matbao.website\/index.php?rest_route=\/wp\/v2\/types\/product"}],"replies":[{"embeddable":true,"href":"https:\/\/8265.matbao.website\/index.php?rest_route=%2Fwp%2Fv2%2Fcomments&post=455"}],"version-history":[{"count":5,"href":"https:\/\/8265.matbao.website\/index.php?rest_route=\/wp\/v2\/product\/455\/revisions"}],"predecessor-version":[{"id":8653,"href":"https:\/\/8265.matbao.website\/index.php?rest_route=\/wp\/v2\/product\/455\/revisions\/8653"}],"wp:featuredmedia":[{"embeddable":true,"href":"https:\/\/8265.matbao.website\/index.php?rest_route=\/wp\/v2\/media\/457"}],"wp:attachment":[{"href":"https:\/\/8265.matbao.website\/index.php?rest_route=%2Fwp%2Fv2%2Fmedia&parent=455"}],"wp:term":[{"taxonomy":"product_cat","embeddable":true,"href":"https:\/\/8265.matbao.website\/index.php?rest_route=%2Fwp%2Fv2%2Fproduct_cat&post=455"},{"taxonomy":"product_tag","embeddable":true,"href":"https:\/\/8265.matbao.website\/index.php?rest_route=%2Fwp%2Fv2%2Fproduct_tag&post=455"}],"curies":[{"name":"wp","href":"https:\/\/api.w.org\/{rel}","templated":true}]}}