{"id":447,"date":"2019-10-09T01:53:09","date_gmt":"2019-10-08T18:53:09","guid":{"rendered":"https:\/\/el3.thembaydev.com\/besa2\/?post_type=product&#038;p=447"},"modified":"2025-01-01T08:12:32","modified_gmt":"2025-01-01T08:12:32","slug":"teddy-bear-stuffed-pp-cotton","status":"publish","type":"product","link":"https:\/\/8265.matbao.website\/?product=teddy-bear-stuffed-pp-cotton","title":{"rendered":"G\u1ea5u b\u00f4ng nh\u1ed3i b\u00f4ng PP"},"content":{"rendered":"\t\t<div data-elementor-type=\"wp-post\" data-elementor-id=\"447\" class=\"elementor elementor-447\">\n\t\t\t\t\t\t<section class=\"elementor-section elementor-top-section elementor-element elementor-element-281447c elementor-section-boxed elementor-section-height-default elementor-section-height-default\" data-id=\"281447c\" data-element_type=\"section\">\n\t\t\t\t\t\t<div class=\"elementor-container elementor-column-gap-no\">\n\t\t\t\t\t<div class=\"elementor-column elementor-col-100 elementor-top-column elementor-element elementor-element-add3f9c\" data-id=\"add3f9c\" data-element_type=\"column\">\n\t\t\t<div class=\"elementor-widget-wrap elementor-element-populated\">\n\t\t\t\t\t\t<div class=\"elementor-element elementor-element-96f6262 elementor-widget elementor-widget-text-editor\" data-id=\"96f6262\" data-element_type=\"widget\" data-widget_type=\"text-editor.default\">\n\t\t\t\t<div class=\"elementor-widget-container\">\n\t\t\t\t\t\t\t<p>G\u1ea5u b\u00f4ng nh\u1ed3i b\u00f4ng PP l\u00e0 m\u1ed9t lo\u1ea1i g\u1ea5u b\u00f4ng m\u1ec1m m\u1ea1i, d\u1ec5 th\u01b0\u01a1ng, \u0111\u01b0\u1ee3c l\u00e0m t\u1eeb ch\u1ea5t li\u1ec7u v\u1ea3i b\u00f4ng v\u00e0 nh\u1ed3i b\u1eb1ng s\u1ee3i polyester (PP) \u2013 m\u1ed9t lo\u1ea1i s\u1ee3i t\u1ed5ng h\u1ee3p nh\u1eb9, b\u1ec1n v\u00e0 an to\u00e0n cho s\u1ee9c kh\u1ecfe. S\u1ea3n ph\u1ea9m n\u00e0y th\u01b0\u1eddng \u0111\u01b0\u1ee3c s\u1eed d\u1ee5ng l\u00e0m qu\u00e0 t\u1eb7ng cho ng\u01b0\u1eddi th\u00e2n, b\u1ea1n b\u00e8, hay d\u00f9ng trang tr\u00ed trong c\u00e1c kh\u00f4ng gian nh\u01b0 ph\u00f2ng ng\u1ee7, ph\u00f2ng kh\u00e1ch, \u0111\u1eb7c bi\u1ec7t ph\u1ed5 bi\u1ebfn trong c\u00e1c d\u1ecbp l\u1ec5 nh\u01b0 sinh nh\u1eadt, Gi\u00e1ng sinh, hay ng\u00e0y l\u1ec5 t\u00ecnh nh\u00e2n.<\/p><p>G\u1ea5u b\u00f4ng nh\u1ed3i b\u00f4ng PP c\u00f3 thi\u1ebft k\u1ebf th\u00e2n thi\u1ec7n v\u00e0 d\u1ec5 th\u01b0\u01a1ng, v\u1edbi c\u00e1c chi ti\u1ebft nh\u01b0 m\u1eaft, m\u0169i, mi\u1ec7ng \u0111\u01b0\u1ee3c th\u00eau ho\u1eb7c d\u00e1n, t\u1ea1o n\u00ean v\u1ebb ng\u1ed9 ngh\u0129nh, sinh \u0111\u1ed9ng cho ch\u00fa g\u1ea5u. Ch\u1ea5t li\u1ec7u v\u1ea3i b\u00ean ngo\u00e0i th\u01b0\u1eddng l\u00e0 v\u1ea3i b\u00f4ng m\u1ec1m m\u1ecbn, gi\u00fap t\u1ea1o c\u1ea3m gi\u00e1c \u00eam \u00e1i khi \u00f4m. B\u00ean trong, s\u1ee3i b\u00f4ng PP kh\u00f4ng ch\u1ec9 gi\u00fap g\u1ea5u b\u00f4ng gi\u1eef \u0111\u01b0\u1ee3c h\u00ecnh d\u00e1ng \u1ed5n \u0111\u1ecbnh m\u00e0 c\u00f2n t\u1ea1o c\u1ea3m gi\u00e1c tho\u1ea3i m\u00e1i khi ch\u1ea1m v\u00e0o. Lo\u1ea1i s\u1ee3i n\u00e0y kh\u00f4ng b\u1ecb x\u1eb9p xu\u1ed1ng ho\u1eb7c bi\u1ebfn d\u1ea1ng sau th\u1eddi gian d\u00e0i s\u1eed d\u1ee5ng, gi\u00fap s\u1ea3n ph\u1ea9m c\u00f3 \u0111\u1ed9 b\u1ec1n cao.<\/p>\t\t\t\t\t\t<\/div>\n\t\t\t\t<\/div>\n\t\t\t\t<section class=\"elementor-section elementor-inner-section elementor-element elementor-element-620e834 elementor-section-boxed elementor-section-height-default elementor-section-height-default\" data-id=\"620e834\" data-element_type=\"section\">\n\t\t\t\t\t\t<div class=\"elementor-container elementor-column-gap-default\">\n\t\t\t\t\t<div class=\"elementor-column elementor-col-50 elementor-inner-column elementor-element elementor-element-6923a2b\" data-id=\"6923a2b\" data-element_type=\"column\">\n\t\t\t<div class=\"elementor-widget-wrap elementor-element-populated\">\n\t\t\t\t\t\t<div class=\"elementor-element elementor-element-009fb21 elementor-widget elementor-widget-image\" data-id=\"009fb21\" data-element_type=\"widget\" data-widget_type=\"image.default\">\n\t\t\t\t<div class=\"elementor-widget-container\">\n\t\t\t\t\t\t\t\t\t\t\t\t\t<img fetchpriority=\"high\" decoding=\"async\" width=\"1000\" height=\"1000\" src=\"https:\/\/8265.matbao.website\/wp-content\/uploads\/2019\/10\/product-85-1.jpg\" class=\"attachment-full size-full wp-image-451\" alt=\"\" \/>\t\t\t\t\t\t\t\t\t\t\t\t\t<\/div>\n\t\t\t\t<\/div>\n\t\t\t\t\t<\/div>\n\t\t<\/div>\n\t\t\t\t<div class=\"elementor-column elementor-col-50 elementor-inner-column elementor-element elementor-element-bf034ba\" data-id=\"bf034ba\" data-element_type=\"column\">\n\t\t\t<div class=\"elementor-widget-wrap elementor-element-populated\">\n\t\t\t\t\t\t<div class=\"elementor-element elementor-element-859e207 elementor-widget elementor-widget-image\" data-id=\"859e207\" data-element_type=\"widget\" data-widget_type=\"image.default\">\n\t\t\t\t<div class=\"elementor-widget-container\">\n\t\t\t\t\t\t\t\t\t\t\t\t\t<img decoding=\"async\" width=\"1000\" height=\"1000\" src=\"https:\/\/8265.matbao.website\/wp-content\/uploads\/2019\/10\/product-86-1.jpg\" class=\"attachment-full size-full wp-image-452\" alt=\"\" \/>\t\t\t\t\t\t\t\t\t\t\t\t\t<\/div>\n\t\t\t\t<\/div>\n\t\t\t\t\t<\/div>\n\t\t<\/div>\n\t\t\t\t\t<\/div>\n\t\t<\/section>\n\t\t\t\t\t<\/div>\n\t\t<\/div>\n\t\t\t\t\t<\/div>\n\t\t<\/section>\n\t\t\t\t<\/div>\n\t\t","protected":false},"excerpt":{"rendered":"<ul>\n<li>M\u00e0u s\u1eafc: \u0111\u1ecf xanh<\/li>\n<li>Ch\u1ea5t li\u1ec7u: cotton<\/li>\n<li>Vai tr\u00f2: B\u00fap b\u00ea g\u1ea5u tr\u00fac theo phong c\u00e1ch truy\u1ec1n th\u1ed1ng Trung Qu\u1ed1c<\/li>\n<\/ul>\n","protected":false},"featured_media":451,"comment_status":"open","ping_status":"closed","template":"","meta":[],"product_cat":[38],"product_tag":[77,90,82,71],"class_list":{"0":"post-447","1":"product","2":"type-product","3":"status-publish","4":"has-post-thumbnail","6":"product_cat-babies-toys","7":"product_tag-cuoc-song","8":"product_tag-giam-gia-2","9":"product_tag-mini-fan","10":"product_tag-tre-em","13":"instock","14":"shipping-taxable","15":"purchasable","16":"product-type-simple"},"_links":{"self":[{"href":"https:\/\/8265.matbao.website\/index.php?rest_route=\/wp\/v2\/product\/447"}],"collection":[{"href":"https:\/\/8265.matbao.website\/index.php?rest_route=\/wp\/v2\/product"}],"about":[{"href":"https:\/\/8265.matbao.website\/index.php?rest_route=\/wp\/v2\/types\/product"}],"replies":[{"embeddable":true,"href":"https:\/\/8265.matbao.website\/index.php?rest_route=%2Fwp%2Fv2%2Fcomments&post=447"}],"version-history":[{"count":5,"href":"https:\/\/8265.matbao.website\/index.php?rest_route=\/wp\/v2\/product\/447\/revisions"}],"predecessor-version":[{"id":8657,"href":"https:\/\/8265.matbao.website\/index.php?rest_route=\/wp\/v2\/product\/447\/revisions\/8657"}],"wp:featuredmedia":[{"embeddable":true,"href":"https:\/\/8265.matbao.website\/index.php?rest_route=\/wp\/v2\/media\/451"}],"wp:attachment":[{"href":"https:\/\/8265.matbao.website\/index.php?rest_route=%2Fwp%2Fv2%2Fmedia&parent=447"}],"wp:term":[{"taxonomy":"product_cat","embeddable":true,"href":"https:\/\/8265.matbao.website\/index.php?rest_route=%2Fwp%2Fv2%2Fproduct_cat&post=447"},{"taxonomy":"product_tag","embeddable":true,"href":"https:\/\/8265.matbao.website\/index.php?rest_route=%2Fwp%2Fv2%2Fproduct_tag&post=447"}],"curies":[{"name":"wp","href":"https:\/\/api.w.org\/{rel}","templated":true}]}}