{"id":437,"date":"2019-10-09T01:38:56","date_gmt":"2019-10-08T18:38:56","guid":{"rendered":"https:\/\/el3.thembaydev.com\/besa2\/?post_type=product&#038;p=437"},"modified":"2025-01-01T08:14:57","modified_gmt":"2025-01-01T08:14:57","slug":"super-soft-hug-pillow-funny-for-children","status":"publish","type":"product","link":"https:\/\/8265.matbao.website\/?product=super-soft-hug-pillow-funny-for-children","title":{"rendered":"G\u1ed1i \u00f4m si\u00eau m\u1ec1m vui nh\u1ed9n d\u00e0nh cho tr\u1ebb em."},"content":{"rendered":"\t\t<div data-elementor-type=\"wp-post\" data-elementor-id=\"437\" class=\"elementor elementor-437\">\n\t\t\t\t\t\t<section class=\"elementor-section elementor-top-section elementor-element elementor-element-478562a elementor-section-boxed elementor-section-height-default elementor-section-height-default\" data-id=\"478562a\" data-element_type=\"section\">\n\t\t\t\t\t\t<div class=\"elementor-container elementor-column-gap-no\">\n\t\t\t\t\t<div class=\"elementor-column elementor-col-100 elementor-top-column elementor-element elementor-element-4972730\" data-id=\"4972730\" data-element_type=\"column\">\n\t\t\t<div class=\"elementor-widget-wrap elementor-element-populated\">\n\t\t\t\t\t\t<div class=\"elementor-element elementor-element-3cdd0a6 elementor-widget elementor-widget-text-editor\" data-id=\"3cdd0a6\" data-element_type=\"widget\" data-widget_type=\"text-editor.default\">\n\t\t\t\t<div class=\"elementor-widget-container\">\n\t\t\t\t\t\t\t<p><strong>G\u1ed1i \u00d4m Si\u00eau M\u1ec1m Vui Nh\u1ed9n D\u00e0nh Cho Tr\u1ebb Em \u2013 S\u1ef1 Tho\u1ea3i M\u00e1i v\u00e0 Ni\u1ec1m Vui Tr\u1ecdn V\u1eb9n<\/strong><\/p><p>G\u1ed1i \u00f4m si\u00eau m\u1ec1m vui nh\u1ed9n l\u00e0 s\u1ea3n ph\u1ea9m l\u00fd t\u01b0\u1edfng d\u00e0nh cho tr\u1ebb em, mang l\u1ea1i s\u1ef1 tho\u1ea3i m\u00e1i trong gi\u1ea5c ng\u1ee7 v\u00e0 s\u1ef1 th\u00edch th\u00fa trong nh\u1eefng gi\u1edd vui ch\u01a1i. V\u1edbi thi\u1ebft k\u1ebf \u0111\u00e1ng y\u00eau c\u00f9ng ch\u1ea5t li\u1ec7u m\u1ec1m m\u1ea1i, chi\u1ebfc g\u1ed1i kh\u00f4ng ch\u1ec9 l\u00e0 v\u1eadt d\u1ee5ng h\u1ed7 tr\u1ee3 gi\u1ea5c ng\u1ee7 m\u00e0 c\u00f2n l\u00e0 ng\u01b0\u1eddi b\u1ea1n \u0111\u1ed3ng h\u00e0nh th\u00e2n thi\u1ebft c\u1ee7a c\u00e1c b\u00e9.<\/p><p><strong>Ch\u1ea5t li\u1ec7u cao c\u1ea5p v\u00e0 an to\u00e0n<\/strong><br \/>G\u1ed1i \u00f4m \u0111\u01b0\u1ee3c l\u00e0m t\u1eeb ch\u1ea5t li\u1ec7u v\u1ea3i nhung m\u1ecbn ho\u1eb7c cotton cao c\u1ea5p, mang l\u1ea1i c\u1ea3m gi\u00e1c m\u1ec1m m\u1ea1i khi ch\u1ea1m v\u00e0o. L\u1edbp l\u00f3t b\u00ean trong s\u1eed d\u1ee5ng b\u00f4ng PP si\u00eau m\u1ecbn, c\u00f3 \u0111\u1ed9 \u0111\u00e0n h\u1ed3i t\u1ed1t, gi\u00fap g\u1ed1i gi\u1eef \u0111\u01b0\u1ee3c h\u00ecnh d\u00e1ng l\u00e2u d\u00e0i m\u00e0 v\u1eabn \u0111\u1ea3m b\u1ea3o s\u1ef1 \u00eam \u00e1i. \u0110\u1eb7c bi\u1ec7t, s\u1ea3n ph\u1ea9m \u0111\u01b0\u1ee3c thi\u1ebft k\u1ebf ho\u00e0n to\u00e0n kh\u00f4ng ch\u1ee9a h\u00f3a ch\u1ea5t \u0111\u1ed9c h\u1ea1i, an to\u00e0n tuy\u1ec7t \u0111\u1ed1i cho l\u00e0n da nh\u1ea1y c\u1ea3m c\u1ee7a tr\u1ebb nh\u1ecf.<\/p><p><strong>Thi\u1ebft k\u1ebf vui nh\u1ed9n, \u0111a d\u1ea1ng<\/strong><br \/>G\u1ed1i \u00f4m \u0111\u01b0\u1ee3c t\u1ea1o h\u00ecnh th\u00e0nh c\u00e1c nh\u00e2n v\u1eadt ho\u1ea1t h\u00ecnh, \u0111\u1ed9ng v\u1eadt \u0111\u00e1ng y\u00eau nh\u01b0 g\u1ea5u, th\u1ecf, c\u00e1 voi, ho\u1eb7c nh\u1eefng chi\u1ebfc k\u1eb9o ng\u1ecdt kh\u1ed5ng l\u1ed3. M\u1ed7i thi\u1ebft k\u1ebf \u0111\u1ec1u \u0111\u01b0\u1ee3c ch\u0103m ch\u00fat k\u1ef9 l\u01b0\u1ee1ng v\u1edbi m\u00e0u s\u1eafc t\u01b0\u01a1i s\u00e1ng, k\u00edch th\u00edch tr\u00ed t\u01b0\u1edfng t\u01b0\u1ee3ng v\u00e0 t\u1ea1o s\u1ef1 h\u1ee9ng th\u00fa cho tr\u1ebb. K\u00edch th\u01b0\u1edbc g\u1ed1i v\u1eeba v\u1eb7n, d\u1ec5 d\u00e0ng cho b\u00e9 \u00f4m khi ng\u1ee7 ho\u1eb7c mang theo khi \u0111i ch\u01a1i, \u0111i du l\u1ecbch.<\/p>\t\t\t\t\t\t<\/div>\n\t\t\t\t<\/div>\n\t\t\t\t<section class=\"elementor-section elementor-inner-section elementor-element elementor-element-aa6043c elementor-section-boxed elementor-section-height-default elementor-section-height-default\" data-id=\"aa6043c\" data-element_type=\"section\">\n\t\t\t\t\t\t<div class=\"elementor-container elementor-column-gap-default\">\n\t\t\t\t\t<div class=\"elementor-column elementor-col-50 elementor-inner-column elementor-element elementor-element-3e96edc\" data-id=\"3e96edc\" data-element_type=\"column\">\n\t\t\t<div class=\"elementor-widget-wrap elementor-element-populated\">\n\t\t\t\t\t\t<div class=\"elementor-element elementor-element-1e72091 elementor-widget elementor-widget-image\" data-id=\"1e72091\" data-element_type=\"widget\" data-widget_type=\"image.default\">\n\t\t\t\t<div class=\"elementor-widget-container\">\n\t\t\t\t\t\t\t\t\t\t\t\t\t<img fetchpriority=\"high\" decoding=\"async\" width=\"1000\" height=\"1000\" src=\"https:\/\/8265.matbao.website\/wp-content\/uploads\/2019\/10\/product-97-1.jpg\" class=\"attachment-full size-full wp-image-444\" alt=\"\" \/>\t\t\t\t\t\t\t\t\t\t\t\t\t<\/div>\n\t\t\t\t<\/div>\n\t\t\t\t\t<\/div>\n\t\t<\/div>\n\t\t\t\t<div class=\"elementor-column elementor-col-50 elementor-inner-column elementor-element elementor-element-fd633fb\" data-id=\"fd633fb\" data-element_type=\"column\">\n\t\t\t<div class=\"elementor-widget-wrap elementor-element-populated\">\n\t\t\t\t\t\t<div class=\"elementor-element elementor-element-94ad80e elementor-widget elementor-widget-image\" data-id=\"94ad80e\" data-element_type=\"widget\" data-widget_type=\"image.default\">\n\t\t\t\t<div class=\"elementor-widget-container\">\n\t\t\t\t\t\t\t\t\t\t\t\t\t<img decoding=\"async\" width=\"1000\" height=\"1000\" src=\"https:\/\/8265.matbao.website\/wp-content\/uploads\/2019\/10\/product-93-1.jpg\" class=\"attachment-full size-full wp-image-440\" alt=\"\" \/>\t\t\t\t\t\t\t\t\t\t\t\t\t<\/div>\n\t\t\t\t<\/div>\n\t\t\t\t\t<\/div>\n\t\t<\/div>\n\t\t\t\t\t<\/div>\n\t\t<\/section>\n\t\t\t\t\t<\/div>\n\t\t<\/div>\n\t\t\t\t\t<\/div>\n\t\t<\/section>\n\t\t\t\t<\/div>\n\t\t","protected":false},"excerpt":{"rendered":"<ul>\n<li>S\u1ea3n ph\u1ea9m c\u00f3 k\u00edch th\u01b0\u1edbc ti\u1ec7n d\u1ee5ng.<\/li>\n<li>Thu\u1eadn ti\u1ec7n cho b\u00e9 c\u1ea7m n\u1eafm<\/li>\n<li>K\u00edch th\u01b0\u1edbc: d\u00e0i 60cm<\/li>\n<\/ul>\n","protected":false},"featured_media":444,"comment_status":"open","ping_status":"closed","template":"","meta":[],"product_cat":[38],"product_tag":[77,90,82,71],"class_list":{"0":"post-437","1":"product","2":"type-product","3":"status-publish","4":"has-post-thumbnail","6":"product_cat-babies-toys","7":"product_tag-cuoc-song","8":"product_tag-giam-gia-2","9":"product_tag-mini-fan","10":"product_tag-tre-em","13":"instock","14":"sale","15":"featured","16":"shipping-taxable","17":"purchasable","18":"product-type-simple"},"_links":{"self":[{"href":"https:\/\/8265.matbao.website\/index.php?rest_route=\/wp\/v2\/product\/437"}],"collection":[{"href":"https:\/\/8265.matbao.website\/index.php?rest_route=\/wp\/v2\/product"}],"about":[{"href":"https:\/\/8265.matbao.website\/index.php?rest_route=\/wp\/v2\/types\/product"}],"replies":[{"embeddable":true,"href":"https:\/\/8265.matbao.website\/index.php?rest_route=%2Fwp%2Fv2%2Fcomments&post=437"}],"version-history":[{"count":5,"href":"https:\/\/8265.matbao.website\/index.php?rest_route=\/wp\/v2\/product\/437\/revisions"}],"predecessor-version":[{"id":8661,"href":"https:\/\/8265.matbao.website\/index.php?rest_route=\/wp\/v2\/product\/437\/revisions\/8661"}],"wp:featuredmedia":[{"embeddable":true,"href":"https:\/\/8265.matbao.website\/index.php?rest_route=\/wp\/v2\/media\/444"}],"wp:attachment":[{"href":"https:\/\/8265.matbao.website\/index.php?rest_route=%2Fwp%2Fv2%2Fmedia&parent=437"}],"wp:term":[{"taxonomy":"product_cat","embeddable":true,"href":"https:\/\/8265.matbao.website\/index.php?rest_route=%2Fwp%2Fv2%2Fproduct_cat&post=437"},{"taxonomy":"product_tag","embeddable":true,"href":"https:\/\/8265.matbao.website\/index.php?rest_route=%2Fwp%2Fv2%2Fproduct_tag&post=437"}],"curies":[{"name":"wp","href":"https:\/\/api.w.org\/{rel}","templated":true}]}}