{"id":408,"date":"2019-10-08T09:41:54","date_gmt":"2019-10-08T02:41:54","guid":{"rendered":"https:\/\/el3.thembaydev.com\/besa2\/?post_type=product&#038;p=408"},"modified":"2025-01-01T08:17:06","modified_gmt":"2025-01-01T08:17:06","slug":"la-pomme-h012-plaid-newborn-hat","status":"publish","type":"product","link":"https:\/\/8265.matbao.website\/?product=la-pomme-h012-plaid-newborn-hat","title":{"rendered":"M\u0169 len h\u00ecnh g\u1ea5u tr\u00fac"},"content":{"rendered":"\t\t<div data-elementor-type=\"wp-post\" data-elementor-id=\"408\" class=\"elementor elementor-408\">\n\t\t\t\t\t\t<section class=\"elementor-section elementor-top-section elementor-element elementor-element-d232089 elementor-section-boxed elementor-section-height-default elementor-section-height-default\" data-id=\"d232089\" data-element_type=\"section\">\n\t\t\t\t\t\t<div class=\"elementor-container elementor-column-gap-no\">\n\t\t\t\t\t<div class=\"elementor-column elementor-col-100 elementor-top-column elementor-element elementor-element-b894f7c\" data-id=\"b894f7c\" data-element_type=\"column\">\n\t\t\t<div class=\"elementor-widget-wrap elementor-element-populated\">\n\t\t\t\t\t\t<div class=\"elementor-element elementor-element-3bdda0a elementor-widget elementor-widget-text-editor\" data-id=\"3bdda0a\" data-element_type=\"widget\" data-widget_type=\"text-editor.default\">\n\t\t\t\t<div class=\"elementor-widget-container\">\n\t\t\t\t\t\t\t<p><strong>M\u0169 Len H\u00ecnh G\u1ea5u Tr\u00fac \u2013 S\u1ef1 D\u1ec5 Th\u01b0\u01a1ng v\u00e0 \u1ea4m \u00c1p Ho\u00e0n H\u1ea3o<\/strong><\/p><p>M\u0169 len h\u00ecnh g\u1ea5u tr\u00fac l\u00e0 m\u1ed9t s\u1ea3n ph\u1ea9m \u0111\u00e1ng y\u00eau v\u00e0 thi\u1ebft th\u1ef1c, mang l\u1ea1i s\u1ef1 \u1ea5m \u00e1p cho m\u00f9a \u0111\u00f4ng \u0111\u1ed3ng th\u1eddi t\u1ea1o \u0111i\u1ec3m nh\u1ea5n c\u00e1 t\u00ednh cho phong c\u00e1ch c\u1ee7a b\u1ea1n. \u0110\u01b0\u1ee3c thi\u1ebft k\u1ebf v\u1edbi h\u00ecnh \u1ea3nh g\u1ea5u tr\u00fac \u0111\u00e1ng y\u00eau, chi\u1ebfc m\u0169 n\u00e0y ph\u00f9 h\u1ee3p cho c\u1ea3 ng\u01b0\u1eddi l\u1edbn v\u00e0 tr\u1ebb em, l\u00e0 l\u1ef1a ch\u1ecdn ho\u00e0n h\u1ea3o \u0111\u1ec3 v\u1eeba gi\u1eef \u1ea5m v\u1eeba th\u1ec3 hi\u1ec7n phong c\u00e1ch ri\u00eang.<\/p><p>S\u1ea3n ph\u1ea9m \u0111\u01b0\u1ee3c l\u00e0m t\u1eeb ch\u1ea5t li\u1ec7u len cao c\u1ea5p, m\u1ec1m m\u1ea1i, co gi\u00e3n t\u1ed1t v\u00e0 kh\u00f4ng g\u00e2y k\u00edch \u1ee9ng da. L\u1edbp len d\u00e0y d\u1eb7n gi\u1eef nhi\u1ec7t hi\u1ec7u qu\u1ea3, gi\u00fap b\u1ea3o v\u1ec7 \u0111\u1ea7u v\u00e0 tai kh\u1ecfi c\u00e1i l\u1ea1nh bu\u1ed1t gi\u00e1. B\u00ean trong m\u0169 c\u00f3 l\u1edbp l\u00f3t b\u00f4ng m\u1ecbn, t\u0103ng c\u01b0\u1eddng kh\u1ea3 n\u0103ng gi\u1eef \u1ea5m v\u00e0 mang l\u1ea1i c\u1ea3m gi\u00e1c tho\u1ea3i m\u00e1i, d\u1ec5 ch\u1ecbu khi s\u1eed d\u1ee5ng trong th\u1eddi gian d\u00e0i.<\/p>\t\t\t\t\t\t<\/div>\n\t\t\t\t<\/div>\n\t\t\t\t<section class=\"elementor-section elementor-inner-section elementor-element elementor-element-2a6da10 elementor-section-boxed elementor-section-height-default elementor-section-height-default\" data-id=\"2a6da10\" data-element_type=\"section\">\n\t\t\t\t\t\t<div class=\"elementor-container elementor-column-gap-default\">\n\t\t\t\t\t<div class=\"elementor-column elementor-col-50 elementor-inner-column elementor-element elementor-element-0bf1ef6\" data-id=\"0bf1ef6\" data-element_type=\"column\">\n\t\t\t<div class=\"elementor-widget-wrap elementor-element-populated\">\n\t\t\t\t\t\t<div class=\"elementor-element elementor-element-8a2a0f5 elementor-widget elementor-widget-image\" data-id=\"8a2a0f5\" data-element_type=\"widget\" data-widget_type=\"image.default\">\n\t\t\t\t<div class=\"elementor-widget-container\">\n\t\t\t\t\t\t\t\t\t\t\t\t\t<img fetchpriority=\"high\" decoding=\"async\" width=\"1000\" height=\"1000\" src=\"https:\/\/8265.matbao.website\/wp-content\/uploads\/2019\/10\/product-82-1.jpg\" class=\"attachment-full size-full wp-image-424\" alt=\"\" \/>\t\t\t\t\t\t\t\t\t\t\t\t\t<\/div>\n\t\t\t\t<\/div>\n\t\t\t\t\t<\/div>\n\t\t<\/div>\n\t\t\t\t<div class=\"elementor-column elementor-col-50 elementor-inner-column elementor-element elementor-element-28415d5\" data-id=\"28415d5\" data-element_type=\"column\">\n\t\t\t<div class=\"elementor-widget-wrap elementor-element-populated\">\n\t\t\t\t\t\t<div class=\"elementor-element elementor-element-bb5cca3 elementor-widget elementor-widget-image\" data-id=\"bb5cca3\" data-element_type=\"widget\" data-widget_type=\"image.default\">\n\t\t\t\t<div class=\"elementor-widget-container\">\n\t\t\t\t\t\t\t\t\t\t\t\t\t<img decoding=\"async\" width=\"1000\" height=\"1000\" src=\"https:\/\/8265.matbao.website\/wp-content\/uploads\/2019\/10\/product-83-1.jpg\" class=\"attachment-full size-full wp-image-425\" alt=\"\" \/>\t\t\t\t\t\t\t\t\t\t\t\t\t<\/div>\n\t\t\t\t<\/div>\n\t\t\t\t\t<\/div>\n\t\t<\/div>\n\t\t\t\t\t<\/div>\n\t\t<\/section>\n\t\t\t\t\t<\/div>\n\t\t<\/div>\n\t\t\t\t\t<\/div>\n\t\t<\/section>\n\t\t\t\t<\/div>\n\t\t","protected":false},"excerpt":{"rendered":"<p>S\u1ea3n ph\u1ea9m \u0111\u01b0\u1ee3c l\u00e0m t\u1eeb ch\u1ea5t li\u1ec7u len cao c\u1ea5p, m\u1ec1m m\u1ea1i, co gi\u00e3n t\u1ed1t v\u00e0 kh\u00f4ng g\u00e2y k\u00edch \u1ee9ng da. L\u1edbp len d\u00e0y d\u1eb7n gi\u1eef nhi\u1ec7t hi\u1ec7u qu\u1ea3, gi\u00fap b\u1ea3o v\u1ec7 \u0111\u1ea7u v\u00e0 tai kh\u1ecfi c\u00e1i l\u1ea1nh bu\u1ed1t gi\u00e1. B\u00ean trong m\u0169 c\u00f3 l\u1edbp l\u00f3t b\u00f4ng m\u1ecbn, t\u0103ng c\u01b0\u1eddng kh\u1ea3 n\u0103ng gi\u1eef \u1ea5m v\u00e0 mang l\u1ea1i c\u1ea3m gi\u00e1c tho\u1ea3i m\u00e1i, d\u1ec5 ch\u1ecbu khi s\u1eed d\u1ee5ng trong th\u1eddi gian d\u00e0i.<\/p>\n","protected":false},"featured_media":424,"comment_status":"open","ping_status":"closed","template":"","meta":[],"product_cat":[38],"product_tag":[69,77,85],"class_list":{"0":"post-408","1":"product","2":"type-product","3":"status-publish","4":"has-post-thumbnail","6":"product_cat-babies-toys","7":"product_tag-ao-thun","8":"product_tag-cuoc-song","9":"product_tag-thu-cung","12":"instock","13":"shipping-taxable","14":"purchasable","15":"product-type-simple"},"_links":{"self":[{"href":"https:\/\/8265.matbao.website\/index.php?rest_route=\/wp\/v2\/product\/408"}],"collection":[{"href":"https:\/\/8265.matbao.website\/index.php?rest_route=\/wp\/v2\/product"}],"about":[{"href":"https:\/\/8265.matbao.website\/index.php?rest_route=\/wp\/v2\/types\/product"}],"replies":[{"embeddable":true,"href":"https:\/\/8265.matbao.website\/index.php?rest_route=%2Fwp%2Fv2%2Fcomments&post=408"}],"version-history":[{"count":5,"href":"https:\/\/8265.matbao.website\/index.php?rest_route=\/wp\/v2\/product\/408\/revisions"}],"predecessor-version":[{"id":8669,"href":"https:\/\/8265.matbao.website\/index.php?rest_route=\/wp\/v2\/product\/408\/revisions\/8669"}],"wp:featuredmedia":[{"embeddable":true,"href":"https:\/\/8265.matbao.website\/index.php?rest_route=\/wp\/v2\/media\/424"}],"wp:attachment":[{"href":"https:\/\/8265.matbao.website\/index.php?rest_route=%2Fwp%2Fv2%2Fmedia&parent=408"}],"wp:term":[{"taxonomy":"product_cat","embeddable":true,"href":"https:\/\/8265.matbao.website\/index.php?rest_route=%2Fwp%2Fv2%2Fproduct_cat&post=408"},{"taxonomy":"product_tag","embeddable":true,"href":"https:\/\/8265.matbao.website\/index.php?rest_route=%2Fwp%2Fv2%2Fproduct_tag&post=408"}],"curies":[{"name":"wp","href":"https:\/\/api.w.org\/{rel}","templated":true}]}}