{"id":23,"date":"2019-10-07T01:47:11","date_gmt":"2019-10-06T18:47:11","guid":{"rendered":"https:\/\/el3.thembaydev.com\/besa2\/?post_type=product&#038;p=23"},"modified":"2025-01-01T08:35:31","modified_gmt":"2025-01-01T08:35:31","slug":"design-laptop-backpack-30-l-backpack","status":"publish","type":"product","link":"https:\/\/8265.matbao.website\/?product=design-laptop-backpack-30-l-backpack","title":{"rendered":"Balo laptop ch\u1ed1ng n\u01b0\u1edbc"},"content":{"rendered":"\t\t<div data-elementor-type=\"wp-post\" data-elementor-id=\"23\" class=\"elementor elementor-23\">\n\t\t\t\t\t\t<section class=\"elementor-section elementor-top-section elementor-element elementor-element-9e19fa7 elementor-section-boxed elementor-section-height-default elementor-section-height-default\" data-id=\"9e19fa7\" data-element_type=\"section\">\n\t\t\t\t\t\t<div class=\"elementor-container elementor-column-gap-no\">\n\t\t\t\t\t<div class=\"elementor-column elementor-col-100 elementor-top-column elementor-element elementor-element-e23bfc6\" data-id=\"e23bfc6\" data-element_type=\"column\">\n\t\t\t<div class=\"elementor-widget-wrap elementor-element-populated\">\n\t\t\t\t\t\t<div class=\"elementor-element elementor-element-731af01 elementor-widget elementor-widget-text-editor\" data-id=\"731af01\" data-element_type=\"widget\" data-widget_type=\"text-editor.default\">\n\t\t\t\t<div class=\"elementor-widget-container\">\n\t\t\t\t\t\t\t<p><strong>Balo \u0111\u1ef1ng laptop \u2013 S\u1ef1 k\u1ebft h\u1ee3p ho\u00e0n h\u1ea3o gi\u1eefa b\u1ea3o v\u1ec7 v\u00e0 ti\u1ec7n nghi<\/strong><\/p><p>Balo \u0111\u1ef1ng laptop l\u00e0 ph\u1ee5 ki\u1ec7n kh\u00f4ng th\u1ec3 thi\u1ebfu cho nh\u1eefng ai th\u01b0\u1eddng xuy\u00ean di chuy\u1ec3n, c\u1ea7n mang theo laptop v\u00e0 c\u00e1c v\u1eadt d\u1ee5ng c\u00e1 nh\u00e2n. V\u1edbi thi\u1ebft k\u1ebf th\u00f4ng minh, hi\u1ec7n \u0111\u1ea1i, s\u1ea3n ph\u1ea9m mang l\u1ea1i s\u1ef1 ti\u1ec7n l\u1ee3i, an to\u00e0n v\u00e0 phong c\u00e1ch cho ng\u01b0\u1eddi s\u1eed d\u1ee5ng.<\/p><p><strong>Thi\u1ebft k\u1ebf th\u1eddi trang v\u00e0 ti\u1ec7n \u00edch<\/strong><br \/>Balo \u0111\u01b0\u1ee3c thi\u1ebft k\u1ebf v\u1edbi ki\u1ec3u d\u00e1ng thanh l\u1ecbch, ph\u00f9 h\u1ee3p cho c\u1ea3 nam v\u00e0 n\u1eef. C\u00e1c ng\u0103n \u0111\u01b0\u1ee3c b\u1ed1 tr\u00ed khoa h\u1ecdc, bao g\u1ed3m ng\u0103n ch\u00ednh d\u00e0nh ri\u00eang cho laptop, ng\u0103n ph\u1ee5 \u0111\u1ec3 \u0111\u1ef1ng s\u1ea1c, chu\u1ed9t, t\u00e0i li\u1ec7u, v\u00e0 c\u00e1c v\u1eadt d\u1ee5ng c\u00e1 nh\u00e2n. M\u1ed9t s\u1ed1 m\u1eabu c\u00f2n t\u00edch h\u1ee3p c\u1ed5ng s\u1ea1c USB, khe c\u1eafm tai nghe ho\u1eb7c ng\u0103n b\u00ed m\u1eadt ch\u1ed1ng tr\u1ed9m, \u0111\u00e1p \u1ee9ng nhu c\u1ea7u s\u1eed d\u1ee5ng \u0111a d\u1ea1ng.<\/p>\t\t\t\t\t\t<\/div>\n\t\t\t\t<\/div>\n\t\t\t\t<section class=\"elementor-section elementor-inner-section elementor-element elementor-element-1bb58b0 elementor-section-boxed elementor-section-height-default elementor-section-height-default\" data-id=\"1bb58b0\" data-element_type=\"section\">\n\t\t\t\t\t\t<div class=\"elementor-container elementor-column-gap-default\">\n\t\t\t\t\t<div class=\"elementor-column elementor-col-50 elementor-inner-column elementor-element elementor-element-825638e\" data-id=\"825638e\" data-element_type=\"column\">\n\t\t\t<div class=\"elementor-widget-wrap elementor-element-populated\">\n\t\t\t\t\t\t<div class=\"elementor-element elementor-element-bb94084 elementor-widget elementor-widget-image\" data-id=\"bb94084\" data-element_type=\"widget\" data-widget_type=\"image.default\">\n\t\t\t\t<div class=\"elementor-widget-container\">\n\t\t\t\t\t\t\t\t\t\t\t\t\t<img fetchpriority=\"high\" decoding=\"async\" width=\"1000\" height=\"1000\" src=\"https:\/\/8265.matbao.website\/wp-content\/uploads\/2019\/10\/product-52-1.jpg\" class=\"attachment-full size-full wp-image-192\" alt=\"\" \/>\t\t\t\t\t\t\t\t\t\t\t\t\t<\/div>\n\t\t\t\t<\/div>\n\t\t\t\t\t<\/div>\n\t\t<\/div>\n\t\t\t\t<div class=\"elementor-column elementor-col-50 elementor-inner-column elementor-element elementor-element-4f615ee\" data-id=\"4f615ee\" data-element_type=\"column\">\n\t\t\t<div class=\"elementor-widget-wrap elementor-element-populated\">\n\t\t\t\t\t\t<div class=\"elementor-element elementor-element-9f4472d elementor-widget elementor-widget-image\" data-id=\"9f4472d\" data-element_type=\"widget\" data-widget_type=\"image.default\">\n\t\t\t\t<div class=\"elementor-widget-container\">\n\t\t\t\t\t\t\t\t\t\t\t\t\t<img decoding=\"async\" width=\"1000\" height=\"1000\" src=\"https:\/\/8265.matbao.website\/wp-content\/uploads\/2019\/10\/product-53-1.jpg\" class=\"attachment-full size-full wp-image-193\" alt=\"\" \/>\t\t\t\t\t\t\t\t\t\t\t\t\t<\/div>\n\t\t\t\t<\/div>\n\t\t\t\t\t<\/div>\n\t\t<\/div>\n\t\t\t\t\t<\/div>\n\t\t<\/section>\n\t\t\t\t\t<\/div>\n\t\t<\/div>\n\t\t\t\t\t<\/div>\n\t\t<\/section>\n\t\t\t\t<\/div>\n\t\t","protected":false},"excerpt":{"rendered":"<ul>\n<li>Gi\u1edbi t\u00ednh: Unisex<\/li>\n<li>\u0110\u1ed9 tu\u1ed5i: Ng\u01b0\u1eddi l\u1edbn<\/li>\n<li>Dung t\u00edch: 21-30 l\u00edt<\/li>\n<\/ul>\n","protected":false},"featured_media":192,"comment_status":"open","ping_status":"closed","template":"","meta":[],"product_cat":[96,57],"product_tag":[69,51,94],"class_list":{"0":"post-23","1":"product","2":"type-product","3":"status-publish","4":"has-post-thumbnail","6":"product_cat-the-thao-du-lich","7":"product_cat-thoi-trang-quan-ao","8":"product_tag-ao-thun","9":"product_tag-do-dien-tu","10":"product_tag-sach","13":"instock","14":"sale","15":"shipping-taxable","16":"purchasable","17":"product-type-simple"},"_links":{"self":[{"href":"https:\/\/8265.matbao.website\/index.php?rest_route=\/wp\/v2\/product\/23"}],"collection":[{"href":"https:\/\/8265.matbao.website\/index.php?rest_route=\/wp\/v2\/product"}],"about":[{"href":"https:\/\/8265.matbao.website\/index.php?rest_route=\/wp\/v2\/types\/product"}],"replies":[{"embeddable":true,"href":"https:\/\/8265.matbao.website\/index.php?rest_route=%2Fwp%2Fv2%2Fcomments&post=23"}],"version-history":[{"count":5,"href":"https:\/\/8265.matbao.website\/index.php?rest_route=\/wp\/v2\/product\/23\/revisions"}],"predecessor-version":[{"id":8715,"href":"https:\/\/8265.matbao.website\/index.php?rest_route=\/wp\/v2\/product\/23\/revisions\/8715"}],"wp:featuredmedia":[{"embeddable":true,"href":"https:\/\/8265.matbao.website\/index.php?rest_route=\/wp\/v2\/media\/192"}],"wp:attachment":[{"href":"https:\/\/8265.matbao.website\/index.php?rest_route=%2Fwp%2Fv2%2Fmedia&parent=23"}],"wp:term":[{"taxonomy":"product_cat","embeddable":true,"href":"https:\/\/8265.matbao.website\/index.php?rest_route=%2Fwp%2Fv2%2Fproduct_cat&post=23"},{"taxonomy":"product_tag","embeddable":true,"href":"https:\/\/8265.matbao.website\/index.php?rest_route=%2Fwp%2Fv2%2Fproduct_tag&post=23"}],"curies":[{"name":"wp","href":"https:\/\/api.w.org\/{rel}","templated":true}]}}